{"id":192,"date":"2023-06-18T13:13:11","date_gmt":"2023-06-18T11:13:11","guid":{"rendered":"https:\/\/nathanrz.wordpress.com\/?page_id=192"},"modified":"2023-12-02T18:03:20","modified_gmt":"2023-12-02T17:03:20","slug":"inicio","status":"publish","type":"page","link":"https:\/\/memoset.fr\/index.php\/inicio\/","title":{"rendered":"MemoMap"},"content":{"rendered":"<div class=\"wp-block-media-text alignwide has-media-on-the-right is-stacked-on-mobile\"><div class=\"wp-block-media-text__content\"><h2 class=\"wp-block-heading has-text-align-center has-system-font-font-family\" style=\"font-style:normal;font-weight:300\"><mark style=\"background-color:rgba(0, 0, 0, 0)\" class=\"has-inline-color has-foreground-color\"><strong>Memo<\/strong><\/mark><mark style=\"background-color:rgba(0, 0, 0, 0);color:#e77272\" class=\"has-inline-color\"><strong>M<\/strong><\/mark><mark style=\"background-color:rgba(0, 0, 0, 0);color:#80beff\" class=\"has-inline-color\"><strong>A<\/strong><\/mark><mark style=\"background-color:rgba(0, 0, 0, 0);color:#63d3cb\" class=\"has-inline-color\"><strong>P<\/strong><\/mark><\/h2>\n\n<p class=\"has-text-align-center\"><strong>Todos tus recuerdos en un solo cuadro. <\/strong><\/p>\n\n<p class=\"has-text-align-center\"><strong>Acerca tu m\u00f3vil a los MemoPins para abrir tu alb\u00fam de fotos de tus viajes<\/strong>.<\/p>\n\n<div class=\"wp-block-buttons is-content-justification-center is-layout-flex wp-container-core-buttons-is-layout-a89b3969 wp-block-buttons-is-layout-flex\"><div class=\"wp-block-button is-style-outline is-style-outline--1\"><a class=\"wp-block-button__link has-text-align-center wp-element-button\" href=\"https:\/\/memoset.fr\/index.php\/produit\/memomap-nfc\/\" style=\"border-width:3px;border-radius:11px;padding-top:0.44rem;padding-right:var(--wp--preset--spacing--20);padding-bottom:0.44rem;padding-left:var(--wp--preset--spacing--20)\">Comprar<\/a><\/div><\/div>\n\n<p class=\"has-text-align-center has-small-font-size\">*Incluye el mapa y 10 MemoPins.<\/p><\/div><figure class=\"wp-block-media-text__media\"><img loading=\"lazy\" decoding=\"async\" width=\"1024\" height=\"768\" src=\"https:\/\/memoset.fr\/wp-content\/uploads\/2023\/12\/mapa-fini-2-1024x768.png\" alt=\"\" class=\"wp-image-795 size-full\" srcset=\"https:\/\/memoset.fr\/wp-content\/uploads\/2023\/12\/mapa-fini-2-1024x768.png 1024w, https:\/\/memoset.fr\/wp-content\/uploads\/2023\/12\/mapa-fini-2-300x225.png 300w, https:\/\/memoset.fr\/wp-content\/uploads\/2023\/12\/mapa-fini-2-768x576.png 768w, https:\/\/memoset.fr\/wp-content\/uploads\/2023\/12\/mapa-fini-2-1536x1152.png 1536w, https:\/\/memoset.fr\/wp-content\/uploads\/2023\/12\/mapa-fini-2-2048x1536.png 2048w, https:\/\/memoset.fr\/wp-content\/uploads\/2023\/12\/mapa-fini-2-1320x990.png 1320w, https:\/\/memoset.fr\/wp-content\/uploads\/2023\/12\/mapa-fini-2-600x450.png 600w\" sizes=\"auto, (max-width: 1024px) 100vw, 1024px\" \/><\/figure><\/div><h2 class=\"wp-block-heading has-text-align-center has-x-large-font-size\">\u00bfQu\u00e9 es un MemoMap?<\/h2><div class=\"wp-block-columns are-vertically-aligned-top is-layout-flex wp-container-core-columns-is-layout-28f84493 wp-block-columns-is-layout-flex\"><div class=\"wp-block-column is-vertically-aligned-top is-layout-flow wp-block-column-is-layout-flow\"><figure class=\"wp-block-embed is-type-video is-provider-youtube wp-block-embed-youtube wp-embed-aspect-16-9 wp-has-aspect-ratio\"><div class=\"wp-block-embed__wrapper\">\n<iframe loading=\"lazy\" title=\"MemoMap\" width=\"500\" height=\"281\" src=\"https:\/\/www.youtube.com\/embed\/tBcXe3pMQwA?feature=oembed\" frameborder=\"0\" allow=\"accelerometer; autoplay; clipboard-write; encrypted-media; gyroscope; picture-in-picture; web-share\" referrerpolicy=\"strict-origin-when-cross-origin\" allowfullscreen><\/iframe>\n<\/div><\/figure><\/div><\/div><div class=\"wp-block-columns is-layout-flex wp-container-core-columns-is-layout-28f84493 wp-block-columns-is-layout-flex\"><div class=\"wp-block-column is-layout-flow wp-block-column-is-layout-flow\"><\/div><\/div><div class=\"wp-block-columns is-layout-flex wp-container-core-columns-is-layout-28f84493 wp-block-columns-is-layout-flex\"><div class=\"wp-block-column is-layout-flow wp-block-column-is-layout-flow\"><\/div><\/div><h2 class=\"wp-block-heading has-text-align-center has-x-large-font-size\">\u00bfQu\u00e9 es un MemoPin?<\/h2><p class=\"has-text-align-center\"><mark style=\"background-color:#ffffff\" class=\"has-inline-color\">Los <strong>Memopins<\/strong> integran un tag NFC que guarda un enlace con tu alb\u00fam de vacaciones, acercando tu m\u00f3vil puedes acceder a <\/mark>\u00e9l.<\/p><p class=\"has-text-align-center has-medium-font-size\"><strong><a href=\"https:\/\/memoset.fr\/index.php\/servicios\/\"><mark style=\"background-color:rgba(0, 0, 0, 0);color:#5d5d5d\" class=\"has-inline-color\">A\u00f1adir mi alb\u00fam al MemoPin<\/mark><\/a><\/strong><\/p><p class=\"has-text-align-right has-small-font-size\"> Funciona con todo m\u00f3vil compatible NFC.<\/p><hr class=\"wp-block-separator has-alpha-channel-opacity\"\/><h2 class=\"wp-block-heading has-text-align-center has-large-font-size\">Para cada viaje su MemoPin :<\/h2><h2 class=\"wp-block-heading has-text-align-center\"><mark style=\"background-color:rgba(0, 0, 0, 0);color:#85e69a\" class=\"has-inline-color\">TEXAS<\/mark><\/h2><div class=\"wp-block-group is-layout-constrained wp-block-group-is-layout-constrained\"><div class=\"wp-block-columns is-layout-flex wp-container-core-columns-is-layout-28f84493 wp-block-columns-is-layout-flex\"><div class=\"wp-block-column is-layout-flow wp-block-column-is-layout-flow\"><div class=\"wp-block-columns is-layout-flex wp-container-core-columns-is-layout-28f84493 wp-block-columns-is-layout-flex\"><div class=\"wp-block-column is-layout-flow wp-block-column-is-layout-flow\"><div class=\"wp-block-group is-layout-constrained wp-block-group-is-layout-constrained\"><div class=\"wp-block-columns is-layout-flex wp-container-core-columns-is-layout-28f84493 wp-block-columns-is-layout-flex\"><div class=\"wp-block-column is-layout-flow wp-block-column-is-layout-flow\"><div class=\"wp-block-columns is-layout-flex wp-container-core-columns-is-layout-28f84493 wp-block-columns-is-layout-flex\"><div class=\"wp-block-column is-layout-flow wp-block-column-is-layout-flow\"><figure class=\"wp-block-image size-large is-resized has-custom-border is-style-default\"><img loading=\"lazy\" decoding=\"async\" width=\"3024\" height=\"3024\" src=\"https:\/\/nathanrz.files.wordpress.com\/2023\/06\/passport-blanc-2.png?w=1024\" alt=\"\" class=\"wp-image-332\" style=\"border-style:none;border-width:0px;width:296px;height:296px\" srcset=\"https:\/\/memoset.fr\/wp-content\/uploads\/2023\/06\/passport-blanc-2.png 3024w, https:\/\/memoset.fr\/wp-content\/uploads\/2023\/06\/passport-blanc-2-300x300.png 300w, https:\/\/memoset.fr\/wp-content\/uploads\/2023\/06\/passport-blanc-2-1024x1024.png 1024w, https:\/\/memoset.fr\/wp-content\/uploads\/2023\/06\/passport-blanc-2-150x150.png 150w, https:\/\/memoset.fr\/wp-content\/uploads\/2023\/06\/passport-blanc-2-768x768.png 768w, https:\/\/memoset.fr\/wp-content\/uploads\/2023\/06\/passport-blanc-2-1536x1536.png 1536w, https:\/\/memoset.fr\/wp-content\/uploads\/2023\/06\/passport-blanc-2-2048x2048.png 2048w\" sizes=\"auto, (max-width: 3024px) 100vw, 3024px\" \/><\/figure><\/div>\n\n<div class=\"wp-block-column is-layout-flow wp-block-column-is-layout-flow\"><figure class=\"wp-block-gallery has-nested-images columns-2 is-cropped wp-block-gallery-2 is-layout-flex wp-block-gallery-is-layout-flex\"><figure class=\"wp-block-image size-large\"><img loading=\"lazy\" decoding=\"async\" width=\"1024\" height=\"683\" data-id=\"349\" src=\"https:\/\/memoset.fr\/wp-content\/uploads\/2023\/06\/pexels-terrance-barksdale-8521555-1024x683.jpg\" alt=\"\" class=\"wp-image-349\" srcset=\"https:\/\/memoset.fr\/wp-content\/uploads\/2023\/06\/pexels-terrance-barksdale-8521555-1024x683.jpg 1024w, https:\/\/memoset.fr\/wp-content\/uploads\/2023\/06\/pexels-terrance-barksdale-8521555-300x200.jpg 300w, https:\/\/memoset.fr\/wp-content\/uploads\/2023\/06\/pexels-terrance-barksdale-8521555-768x512.jpg 768w, https:\/\/memoset.fr\/wp-content\/uploads\/2023\/06\/pexels-terrance-barksdale-8521555-1536x1024.jpg 1536w, https:\/\/memoset.fr\/wp-content\/uploads\/2023\/06\/pexels-terrance-barksdale-8521555-2048x1365.jpg 2048w\" sizes=\"auto, (max-width: 1024px) 100vw, 1024px\" \/><\/figure>\n\n<figure class=\"wp-block-image size-large\"><img loading=\"lazy\" decoding=\"async\" width=\"1024\" height=\"683\" data-id=\"348\" src=\"https:\/\/memoset.fr\/wp-content\/uploads\/2023\/06\/pexels-terrance-barksdale-8469578-1024x683.jpg\" alt=\"\" class=\"wp-image-348\" srcset=\"https:\/\/memoset.fr\/wp-content\/uploads\/2023\/06\/pexels-terrance-barksdale-8469578-1024x683.jpg 1024w, https:\/\/memoset.fr\/wp-content\/uploads\/2023\/06\/pexels-terrance-barksdale-8469578-300x200.jpg 300w, https:\/\/memoset.fr\/wp-content\/uploads\/2023\/06\/pexels-terrance-barksdale-8469578-768x512.jpg 768w, https:\/\/memoset.fr\/wp-content\/uploads\/2023\/06\/pexels-terrance-barksdale-8469578-1536x1024.jpg 1536w, https:\/\/memoset.fr\/wp-content\/uploads\/2023\/06\/pexels-terrance-barksdale-8469578-2048x1365.jpg 2048w\" sizes=\"auto, (max-width: 1024px) 100vw, 1024px\" \/><\/figure>\n\n<figure class=\"wp-block-image size-large\"><img loading=\"lazy\" decoding=\"async\" width=\"1024\" height=\"552\" data-id=\"350\" src=\"https:\/\/memoset.fr\/wp-content\/uploads\/2023\/06\/pexels-pixabay-280193-1024x552.jpg\" alt=\"\" class=\"wp-image-350\" srcset=\"https:\/\/memoset.fr\/wp-content\/uploads\/2023\/06\/pexels-pixabay-280193-1024x552.jpg 1024w, https:\/\/memoset.fr\/wp-content\/uploads\/2023\/06\/pexels-pixabay-280193-300x162.jpg 300w, https:\/\/memoset.fr\/wp-content\/uploads\/2023\/06\/pexels-pixabay-280193-768x414.jpg 768w, https:\/\/memoset.fr\/wp-content\/uploads\/2023\/06\/pexels-pixabay-280193-1536x829.jpg 1536w, https:\/\/memoset.fr\/wp-content\/uploads\/2023\/06\/pexels-pixabay-280193-2048x1105.jpg 2048w\" sizes=\"auto, (max-width: 1024px) 100vw, 1024px\" \/><\/figure><\/figure><\/div><\/div><\/div><\/div><\/div><\/div><\/div><\/div><\/div><\/div><hr class=\"wp-block-separator has-alpha-channel-opacity\"\/><h2 class=\"wp-block-heading has-text-align-center\"><mark style=\"background-color:rgba(0, 0, 0, 0);color:#e7e552\" class=\"has-inline-color\">UYUNI<\/mark><\/h2><div class=\"wp-block-columns is-layout-flex wp-container-core-columns-is-layout-28f84493 wp-block-columns-is-layout-flex\"><div class=\"wp-block-column is-layout-flow wp-block-column-is-layout-flow\"><figure class=\"wp-block-image size-large is-resized\"><img loading=\"lazy\" decoding=\"async\" width=\"3024\" height=\"3024\" src=\"https:\/\/nathanrz.files.wordpress.com\/2023\/06\/sac-a-dos-blanc.png?w=1024\" alt=\"\" class=\"wp-image-331\" style=\"width:298px;height:298px\" srcset=\"https:\/\/memoset.fr\/wp-content\/uploads\/2023\/06\/sac-a-dos-blanc.png 3024w, https:\/\/memoset.fr\/wp-content\/uploads\/2023\/06\/sac-a-dos-blanc-300x300.png 300w, https:\/\/memoset.fr\/wp-content\/uploads\/2023\/06\/sac-a-dos-blanc-1024x1024.png 1024w, https:\/\/memoset.fr\/wp-content\/uploads\/2023\/06\/sac-a-dos-blanc-150x150.png 150w, https:\/\/memoset.fr\/wp-content\/uploads\/2023\/06\/sac-a-dos-blanc-768x768.png 768w, https:\/\/memoset.fr\/wp-content\/uploads\/2023\/06\/sac-a-dos-blanc-1536x1536.png 1536w, https:\/\/memoset.fr\/wp-content\/uploads\/2023\/06\/sac-a-dos-blanc-2048x2048.png 2048w\" sizes=\"auto, (max-width: 3024px) 100vw, 3024px\" \/><\/figure><\/div>\n\n<div class=\"wp-block-column is-layout-flow wp-block-column-is-layout-flow\"><figure class=\"wp-block-gallery has-nested-images columns-2 is-cropped wp-block-gallery-3 is-layout-flex wp-block-gallery-is-layout-flex\"><figure class=\"wp-block-image size-large\"><img loading=\"lazy\" decoding=\"async\" width=\"1024\" height=\"657\" data-id=\"345\" src=\"https:\/\/memoset.fr\/wp-content\/uploads\/2023\/06\/pexels-tom-darby-7121390-1024x657.jpg\" alt=\"\" class=\"wp-image-345\" srcset=\"https:\/\/memoset.fr\/wp-content\/uploads\/2023\/06\/pexels-tom-darby-7121390-1024x657.jpg 1024w, https:\/\/memoset.fr\/wp-content\/uploads\/2023\/06\/pexels-tom-darby-7121390-300x192.jpg 300w, https:\/\/memoset.fr\/wp-content\/uploads\/2023\/06\/pexels-tom-darby-7121390-768x492.jpg 768w, https:\/\/memoset.fr\/wp-content\/uploads\/2023\/06\/pexels-tom-darby-7121390-1536x985.jpg 1536w, https:\/\/memoset.fr\/wp-content\/uploads\/2023\/06\/pexels-tom-darby-7121390-2048x1313.jpg 2048w\" sizes=\"auto, (max-width: 1024px) 100vw, 1024px\" \/><\/figure>\n\n<figure class=\"wp-block-image size-large\"><img loading=\"lazy\" decoding=\"async\" width=\"1024\" height=\"576\" data-id=\"346\" src=\"https:\/\/memoset.fr\/wp-content\/uploads\/2023\/06\/pexels-leonardo-rossatti-2613110-1024x576.jpg\" alt=\"\" class=\"wp-image-346\" srcset=\"https:\/\/memoset.fr\/wp-content\/uploads\/2023\/06\/pexels-leonardo-rossatti-2613110-1024x576.jpg 1024w, https:\/\/memoset.fr\/wp-content\/uploads\/2023\/06\/pexels-leonardo-rossatti-2613110-300x169.jpg 300w, https:\/\/memoset.fr\/wp-content\/uploads\/2023\/06\/pexels-leonardo-rossatti-2613110-768x432.jpg 768w, https:\/\/memoset.fr\/wp-content\/uploads\/2023\/06\/pexels-leonardo-rossatti-2613110-1536x864.jpg 1536w, https:\/\/memoset.fr\/wp-content\/uploads\/2023\/06\/pexels-leonardo-rossatti-2613110-2048x1152.jpg 2048w\" sizes=\"auto, (max-width: 1024px) 100vw, 1024px\" \/><\/figure>\n\n<figure class=\"wp-block-image size-large\"><img loading=\"lazy\" decoding=\"async\" width=\"1024\" height=\"663\" data-id=\"344\" src=\"https:\/\/memoset.fr\/wp-content\/uploads\/2023\/06\/pexels-tom-darby-5958685-1024x663.jpg\" alt=\"\" class=\"wp-image-344\" srcset=\"https:\/\/memoset.fr\/wp-content\/uploads\/2023\/06\/pexels-tom-darby-5958685-1024x663.jpg 1024w, https:\/\/memoset.fr\/wp-content\/uploads\/2023\/06\/pexels-tom-darby-5958685-300x194.jpg 300w, https:\/\/memoset.fr\/wp-content\/uploads\/2023\/06\/pexels-tom-darby-5958685-768x497.jpg 768w, https:\/\/memoset.fr\/wp-content\/uploads\/2023\/06\/pexels-tom-darby-5958685-1536x994.jpg 1536w, https:\/\/memoset.fr\/wp-content\/uploads\/2023\/06\/pexels-tom-darby-5958685-2048x1326.jpg 2048w\" sizes=\"auto, (max-width: 1024px) 100vw, 1024px\" \/><\/figure><\/figure><\/div><\/div><hr class=\"wp-block-separator has-alpha-channel-opacity\"\/><h2 class=\"wp-block-heading has-text-align-center\"><mark style=\"background-color:rgba(0, 0, 0, 0);color:#429eff\" class=\"has-inline-color\">PARIS<\/mark><\/h2><div class=\"wp-block-columns is-layout-flex wp-container-core-columns-is-layout-28f84493 wp-block-columns-is-layout-flex\"><div class=\"wp-block-column is-layout-flow wp-block-column-is-layout-flow\"><figure class=\"wp-block-image size-large\"><img loading=\"lazy\" decoding=\"async\" width=\"3024\" height=\"3024\" src=\"https:\/\/nathanrz.files.wordpress.com\/2023\/06\/sac-de-couchage-blanc.png?w=1024\" alt=\"\" class=\"wp-image-328\" srcset=\"https:\/\/memoset.fr\/wp-content\/uploads\/2023\/06\/sac-de-couchage-blanc.png 3024w, https:\/\/memoset.fr\/wp-content\/uploads\/2023\/06\/sac-de-couchage-blanc-300x300.png 300w, https:\/\/memoset.fr\/wp-content\/uploads\/2023\/06\/sac-de-couchage-blanc-1024x1024.png 1024w, https:\/\/memoset.fr\/wp-content\/uploads\/2023\/06\/sac-de-couchage-blanc-150x150.png 150w, https:\/\/memoset.fr\/wp-content\/uploads\/2023\/06\/sac-de-couchage-blanc-768x768.png 768w, https:\/\/memoset.fr\/wp-content\/uploads\/2023\/06\/sac-de-couchage-blanc-1536x1536.png 1536w, https:\/\/memoset.fr\/wp-content\/uploads\/2023\/06\/sac-de-couchage-blanc-2048x2048.png 2048w\" sizes=\"auto, (max-width: 3024px) 100vw, 3024px\" \/><\/figure><\/div>\n\n<div class=\"wp-block-column is-layout-flow wp-block-column-is-layout-flow\"><figure class=\"wp-block-gallery has-nested-images columns-2 is-cropped wp-block-gallery-4 is-layout-flex wp-block-gallery-is-layout-flex\"><figure class=\"wp-block-image size-large\"><img loading=\"lazy\" decoding=\"async\" width=\"1024\" height=\"576\" data-id=\"341\" src=\"https:\/\/memoset.fr\/wp-content\/uploads\/2023\/06\/pexels-chait-goli-1796725-1024x576.jpg\" alt=\"\" class=\"wp-image-341\" srcset=\"https:\/\/memoset.fr\/wp-content\/uploads\/2023\/06\/pexels-chait-goli-1796725-1024x576.jpg 1024w, https:\/\/memoset.fr\/wp-content\/uploads\/2023\/06\/pexels-chait-goli-1796725-300x169.jpg 300w, https:\/\/memoset.fr\/wp-content\/uploads\/2023\/06\/pexels-chait-goli-1796725-768x432.jpg 768w, https:\/\/memoset.fr\/wp-content\/uploads\/2023\/06\/pexels-chait-goli-1796725-1536x864.jpg 1536w, https:\/\/memoset.fr\/wp-content\/uploads\/2023\/06\/pexels-chait-goli-1796725-2048x1152.jpg 2048w\" sizes=\"auto, (max-width: 1024px) 100vw, 1024px\" \/><\/figure>\n\n<figure class=\"wp-block-image size-large\"><img loading=\"lazy\" decoding=\"async\" width=\"1024\" height=\"683\" data-id=\"339\" src=\"https:\/\/memoset.fr\/wp-content\/uploads\/2023\/06\/pexels-yovan-verma-2082103-1024x683.jpg\" alt=\"\" class=\"wp-image-339\" srcset=\"https:\/\/memoset.fr\/wp-content\/uploads\/2023\/06\/pexels-yovan-verma-2082103-1024x683.jpg 1024w, https:\/\/memoset.fr\/wp-content\/uploads\/2023\/06\/pexels-yovan-verma-2082103-300x200.jpg 300w, https:\/\/memoset.fr\/wp-content\/uploads\/2023\/06\/pexels-yovan-verma-2082103-768x512.jpg 768w, https:\/\/memoset.fr\/wp-content\/uploads\/2023\/06\/pexels-yovan-verma-2082103-1536x1024.jpg 1536w, https:\/\/memoset.fr\/wp-content\/uploads\/2023\/06\/pexels-yovan-verma-2082103-2048x1365.jpg 2048w\" sizes=\"auto, (max-width: 1024px) 100vw, 1024px\" \/><\/figure>\n\n<figure class=\"wp-block-image size-large\"><img loading=\"lazy\" decoding=\"async\" width=\"1024\" height=\"713\" data-id=\"338\" src=\"https:\/\/memoset.fr\/wp-content\/uploads\/2023\/06\/pexels-adrienn-1460145-1024x713.jpg\" alt=\"\" class=\"wp-image-338\" srcset=\"https:\/\/memoset.fr\/wp-content\/uploads\/2023\/06\/pexels-adrienn-1460145-1024x713.jpg 1024w, https:\/\/memoset.fr\/wp-content\/uploads\/2023\/06\/pexels-adrienn-1460145-300x209.jpg 300w, https:\/\/memoset.fr\/wp-content\/uploads\/2023\/06\/pexels-adrienn-1460145-768x535.jpg 768w, https:\/\/memoset.fr\/wp-content\/uploads\/2023\/06\/pexels-adrienn-1460145-1536x1070.jpg 1536w, https:\/\/memoset.fr\/wp-content\/uploads\/2023\/06\/pexels-adrienn-1460145-2048x1427.jpg 2048w\" sizes=\"auto, (max-width: 1024px) 100vw, 1024px\" \/><\/figure><\/figure><\/div><\/div>","protected":false},"excerpt":{"rendered":"<p>\u00bfQu\u00e9 es un MemoMap? \u00bfQu\u00e9 es un MemoPin? Los Memopins integran un tag NFC que guarda un enlace con tu alb\u00fam de vacaciones, acercando tu m\u00f3vil puedes acceder a \u00e9l. A\u00f1adir mi alb\u00fam al MemoPin Funciona con todo m\u00f3vil compatible NFC. Para cada viaje su MemoPin : TEXAS UYUNI PARIS<\/p>\n","protected":false},"author":2,"featured_media":0,"parent":0,"menu_order":0,"comment_status":"closed","ping_status":"closed","template":"header-footer-only","meta":{"footnotes":""},"class_list":["post-192","page","type-page","status-publish","hentry"],"jetpack_sharing_enabled":true,"_links":{"self":[{"href":"https:\/\/memoset.fr\/index.php\/wp-json\/wp\/v2\/pages\/192","targetHints":{"allow":["GET"]}}],"collection":[{"href":"https:\/\/memoset.fr\/index.php\/wp-json\/wp\/v2\/pages"}],"about":[{"href":"https:\/\/memoset.fr\/index.php\/wp-json\/wp\/v2\/types\/page"}],"author":[{"embeddable":true,"href":"https:\/\/memoset.fr\/index.php\/wp-json\/wp\/v2\/users\/2"}],"replies":[{"embeddable":true,"href":"https:\/\/memoset.fr\/index.php\/wp-json\/wp\/v2\/comments?post=192"}],"version-history":[{"count":29,"href":"https:\/\/memoset.fr\/index.php\/wp-json\/wp\/v2\/pages\/192\/revisions"}],"predecessor-version":[{"id":802,"href":"https:\/\/memoset.fr\/index.php\/wp-json\/wp\/v2\/pages\/192\/revisions\/802"}],"wp:attachment":[{"href":"https:\/\/memoset.fr\/index.php\/wp-json\/wp\/v2\/media?parent=192"}],"curies":[{"name":"wp","href":"https:\/\/api.w.org\/{rel}","templated":true}]}}