{"id":506,"date":"2023-08-11T15:22:19","date_gmt":"2023-08-11T13:22:19","guid":{"rendered":"https:\/\/memoset.fr\/?page_id=506"},"modified":"2023-12-04T15:29:53","modified_gmt":"2023-12-04T14:29:53","slug":"506-2","status":"publish","type":"page","link":"https:\/\/memoset.fr\/","title":{"rendered":"Inicio"},"content":{"rendered":"<figure class=\"wp-block-image aligncenter size-full is-resized has-custom-border is-style-default\"><img loading=\"lazy\" decoding=\"async\" width=\"827\" height=\"115\" src=\"https:\/\/memoset.fr\/wp-content\/uploads\/2023\/08\/logo-memoset-rectangle-1.png\" alt=\"\" class=\"wp-image-413\" style=\"border-style:none;border-width:0px;border-radius:0px;width:500px;height:undefinedpx\" srcset=\"https:\/\/memoset.fr\/wp-content\/uploads\/2023\/08\/logo-memoset-rectangle-1.png 827w, https:\/\/memoset.fr\/wp-content\/uploads\/2023\/08\/logo-memoset-rectangle-1-300x42.png 300w, https:\/\/memoset.fr\/wp-content\/uploads\/2023\/08\/logo-memoset-rectangle-1-768x107.png 768w\" sizes=\"auto, (max-width: 827px) 100vw, 827px\" \/><\/figure><div style=\"height:19px\" aria-hidden=\"true\" class=\"wp-block-spacer\"><\/div><div class=\"wp-block-columns is-layout-flex wp-container-core-columns-is-layout-28f84493 wp-block-columns-is-layout-flex\"><div class=\"wp-block-column is-layout-flow wp-block-column-is-layout-flow\"><hr class=\"wp-block-separator has-alpha-channel-opacity\"\/>\n\n<div class=\"wp-block-buttons is-layout-flex wp-block-buttons-is-layout-flex\"><div class=\"wp-block-button has-custom-width wp-block-button__width-100 has-custom-font-size\" style=\"font-size:2.84rem\"><a class=\"wp-block-button__link has-text-align-center wp-element-button\" href=\"https:\/\/memoset.fr\/index.php\/inicio\/\"><mark style=\"background-color:rgba(0, 0, 0, 0)\" class=\"has-inline-color has-foreground-color\"><strong>Memo<\/strong><\/mark><mark style=\"background-color:rgba(0, 0, 0, 0);color:#e77272\" class=\"has-inline-color\"><strong>M<\/strong><\/mark><mark style=\"background-color:rgba(0, 0, 0, 0);color:#80beff\" class=\"has-inline-color\"><strong>A<\/strong><\/mark><mark style=\"background-color:rgba(0, 0, 0, 0);color:#63d3cb\" class=\"has-inline-color\"><strong>P<\/strong><\/mark><\/a><\/div><\/div>\n\n<figure class=\"wp-block-image size-large\"><a href=\"https:\/\/memoset.fr\/index.php\/produit\/memomap-nfc\/\"><img loading=\"lazy\" decoding=\"async\" width=\"1024\" height=\"768\" src=\"https:\/\/memoset.fr\/wp-content\/uploads\/2023\/12\/mapa-fini-1-1024x768.png\" alt=\"\" class=\"wp-image-793\" srcset=\"https:\/\/memoset.fr\/wp-content\/uploads\/2023\/12\/mapa-fini-1-1024x768.png 1024w, https:\/\/memoset.fr\/wp-content\/uploads\/2023\/12\/mapa-fini-1-300x225.png 300w, https:\/\/memoset.fr\/wp-content\/uploads\/2023\/12\/mapa-fini-1-768x576.png 768w, https:\/\/memoset.fr\/wp-content\/uploads\/2023\/12\/mapa-fini-1-1536x1152.png 1536w, https:\/\/memoset.fr\/wp-content\/uploads\/2023\/12\/mapa-fini-1-2048x1536.png 2048w, https:\/\/memoset.fr\/wp-content\/uploads\/2023\/12\/mapa-fini-1-1320x990.png 1320w, https:\/\/memoset.fr\/wp-content\/uploads\/2023\/12\/mapa-fini-1-600x450.png 600w\" sizes=\"auto, (max-width: 1024px) 100vw, 1024px\" \/><\/a><\/figure>\n\n<p class=\"has-text-align-center\"><strong><a href=\"https:\/\/memoset.fr\/index.php\/inicio\/\" data-type=\"page\" data-id=\"192\">M\u00e1s informaci\u00f3n&#8230;<\/a><\/strong><\/p>\n\n<div class=\"wp-block-buttons is-content-justification-center is-layout-flex wp-container-core-buttons-is-layout-a89b3969 wp-block-buttons-is-layout-flex\"><div class=\"wp-block-button is-style-outline is-style-outline--1\"><a class=\"wp-block-button__link has-text-align-center wp-element-button\" href=\"https:\/\/memoset.fr\/index.php\/produit\/memomap-nfc\/\" style=\"border-width:3px;border-radius:11px;padding-top:0.44rem;padding-right:var(--wp--preset--spacing--20);padding-bottom:0.44rem;padding-left:var(--wp--preset--spacing--20)\">Comprar<\/a><\/div><\/div>\n\n<hr class=\"wp-block-separator has-alpha-channel-opacity\"\/><\/div>\n\n<div class=\"wp-block-column is-layout-flow wp-block-column-is-layout-flow\"><hr class=\"wp-block-separator has-alpha-channel-opacity\"\/>\n\n<div class=\"wp-block-buttons is-layout-flex wp-block-buttons-is-layout-flex\"><div class=\"wp-block-button has-custom-width wp-block-button__width-100 has-custom-font-size\" style=\"font-size:2.8rem\"><a class=\"wp-block-button__link wp-element-button\" href=\"https:\/\/memoset.fr\/index.php\/memoplush\/\"><mark style=\"background-color:rgba(0, 0, 0, 0)\" class=\"has-inline-color has-foreground-color\"><strong>Memo<\/strong><\/mark><strong><mark style=\"background-color:rgba(0, 0, 0, 0);color:#80beff\" class=\"has-inline-color\"><strong>P<\/strong><\/mark><strong style=\"\"><font color=\"#80beff\"><mark style=\"background-color:rgba(0, 0, 0, 0);color:#e77272\" class=\"has-inline-color\">L<\/mark><\/font><mark style=\"background-color:rgba(0, 0, 0, 0);color:#f2c9a4\" class=\"has-inline-color\">U<\/mark><font color=\"#80beff\"><mark style=\"background-color:rgba(0, 0, 0, 0);color:#a4e6b2\" class=\"has-inline-color\">S<\/mark><mark style=\"background-color:rgba(0, 0, 0, 0);color:#e1e696\" class=\"has-inline-color\">H<\/mark><\/font><\/strong><\/strong><\/a><\/div><\/div>\n\n<figure class=\"wp-block-image aligncenter size-large is-resized has-custom-border\"><a href=\"https:\/\/memoset.fr\/index.php\/memoplush\/\"><img loading=\"lazy\" decoding=\"async\" width=\"1024\" height=\"1019\" src=\"https:\/\/memoset.fr\/wp-content\/uploads\/2023\/08\/image00003-carre-1024x1019.jpeg\" alt=\"\" class=\"wp-image-633\" style=\"border-radius:6px;width:225px;height:224px\" srcset=\"https:\/\/memoset.fr\/wp-content\/uploads\/2023\/08\/image00003-carre-1024x1019.jpeg 1024w, https:\/\/memoset.fr\/wp-content\/uploads\/2023\/08\/image00003-carre-300x300.jpeg 300w, https:\/\/memoset.fr\/wp-content\/uploads\/2023\/08\/image00003-carre-150x150.jpeg 150w, https:\/\/memoset.fr\/wp-content\/uploads\/2023\/08\/image00003-carre-768x764.jpeg 768w, https:\/\/memoset.fr\/wp-content\/uploads\/2023\/08\/image00003-carre-1536x1529.jpeg 1536w, https:\/\/memoset.fr\/wp-content\/uploads\/2023\/08\/image00003-carre-2048x2039.jpeg 2048w\" sizes=\"auto, (max-width: 1024px) 100vw, 1024px\" \/><\/a><\/figure>\n\n<p class=\"has-text-align-center\"><a href=\"https:\/\/memoset.fr\/index.php\/memoplush\/\" data-type=\"page\" data-id=\"517\"><strong>M\u00e1s informaci\u00f3n<\/strong>&#8230;<\/a><\/p>\n\n<div class=\"wp-block-buttons is-content-justification-center is-layout-flex wp-container-core-buttons-is-layout-a89b3969 wp-block-buttons-is-layout-flex\"><div class=\"wp-block-button is-style-outline is-style-outline--2\"><a class=\"wp-block-button__link has-text-align-center wp-element-button\" href=\"https:\/\/memoset.fr\/index.php\/produit\/memoplush-peluche-bad-bunny-interactiva-nfc\/\" style=\"border-width:3px;border-radius:11px;padding-top:0.44rem;padding-right:var(--wp--preset--spacing--20);padding-bottom:0.44rem;padding-left:var(--wp--preset--spacing--20)\">Comprar<\/a><\/div><\/div>\n\n<hr class=\"wp-block-separator has-alpha-channel-opacity\"\/><\/div><\/div>","protected":false},"excerpt":{"rendered":"<p>M\u00e1s informaci\u00f3n&#8230; M\u00e1s informaci\u00f3n&#8230;<\/p>\n","protected":false},"author":2,"featured_media":0,"parent":0,"menu_order":0,"comment_status":"closed","ping_status":"closed","template":"","meta":{"footnotes":""},"class_list":["post-506","page","type-page","status-publish","hentry"],"jetpack_sharing_enabled":true,"_links":{"self":[{"href":"https:\/\/memoset.fr\/index.php\/wp-json\/wp\/v2\/pages\/506","targetHints":{"allow":["GET"]}}],"collection":[{"href":"https:\/\/memoset.fr\/index.php\/wp-json\/wp\/v2\/pages"}],"about":[{"href":"https:\/\/memoset.fr\/index.php\/wp-json\/wp\/v2\/types\/page"}],"author":[{"embeddable":true,"href":"https:\/\/memoset.fr\/index.php\/wp-json\/wp\/v2\/users\/2"}],"replies":[{"embeddable":true,"href":"https:\/\/memoset.fr\/index.php\/wp-json\/wp\/v2\/comments?post=506"}],"version-history":[{"count":55,"href":"https:\/\/memoset.fr\/index.php\/wp-json\/wp\/v2\/pages\/506\/revisions"}],"predecessor-version":[{"id":807,"href":"https:\/\/memoset.fr\/index.php\/wp-json\/wp\/v2\/pages\/506\/revisions\/807"}],"wp:attachment":[{"href":"https:\/\/memoset.fr\/index.php\/wp-json\/wp\/v2\/media?parent=506"}],"curies":[{"name":"wp","href":"https:\/\/api.w.org\/{rel}","templated":true}]}}