{"id":517,"date":"2023-08-11T15:59:29","date_gmt":"2023-08-11T13:59:29","guid":{"rendered":"https:\/\/memoset.fr\/?page_id=517"},"modified":"2023-12-04T15:34:46","modified_gmt":"2023-12-04T14:34:46","slug":"memoplush","status":"publish","type":"page","link":"https:\/\/memoset.fr\/index.php\/memoplush\/","title":{"rendered":"MemoPlush"},"content":{"rendered":"<div class=\"wp-block-media-text alignwide is-stacked-on-mobile\" style=\"grid-template-columns:47% auto\"><figure class=\"wp-block-media-text__media\"><img loading=\"lazy\" decoding=\"async\" width=\"1024\" height=\"1019\" src=\"https:\/\/memoset.fr\/wp-content\/uploads\/2023\/08\/image00003-carre-1024x1019.jpeg\" alt=\"\" class=\"wp-image-633 size-full\" srcset=\"https:\/\/memoset.fr\/wp-content\/uploads\/2023\/08\/image00003-carre-1024x1019.jpeg 1024w, https:\/\/memoset.fr\/wp-content\/uploads\/2023\/08\/image00003-carre-300x300.jpeg 300w, https:\/\/memoset.fr\/wp-content\/uploads\/2023\/08\/image00003-carre-150x150.jpeg 150w, https:\/\/memoset.fr\/wp-content\/uploads\/2023\/08\/image00003-carre-768x764.jpeg 768w, https:\/\/memoset.fr\/wp-content\/uploads\/2023\/08\/image00003-carre-1536x1529.jpeg 1536w, https:\/\/memoset.fr\/wp-content\/uploads\/2023\/08\/image00003-carre-2048x2039.jpeg 2048w\" sizes=\"auto, (max-width: 1024px) 100vw, 1024px\" \/><\/figure><div class=\"wp-block-media-text__content\"><h2 class=\"wp-block-heading has-text-align-center has-system-font-font-family\" style=\"font-style:normal;font-weight:300\"><mark style=\"background-color:rgba(0, 0, 0, 0)\" class=\"has-inline-color has-foreground-color\"><strong>Memo<\/strong><\/mark><strong><mark style=\"background-color:rgba(0, 0, 0, 0);color:#80beff\" class=\"has-inline-color\"><strong>P<\/strong><\/mark><strong style=\"\"><font color=\"#80beff\"><mark style=\"background-color:rgba(0, 0, 0, 0);color:#e77272\" class=\"has-inline-color\">L<\/mark><\/font><mark style=\"background-color:rgba(0, 0, 0, 0);color:#f2c9a4\" class=\"has-inline-color\">U<\/mark><font color=\"#80beff\"><mark style=\"background-color:rgba(0, 0, 0, 0);color:#a4e6b2\" class=\"has-inline-color\">S<\/mark><mark style=\"background-color:rgba(0, 0, 0, 0);color:#e1e696\" class=\"has-inline-color\">H<\/mark><\/font><\/strong><\/strong><\/h2>\n\n<p class=\"has-text-align-center\">Personaliza tu peluche con 1 de las 3 opciones : <\/p>\n\n<ul class=\"wp-block-list\"><li><strong><a href=\"https:\/\/memoset.fr\/index.php\/anade-album-memoplush\/\" data-type=\"page\" data-id=\"578\">A\u00f1adele tus fotos y videos.<\/a><\/strong><\/li>\n\n<li><strong><a href=\"https:\/\/memoset.fr\/index.php\/album-bad-bunny\/\" data-type=\"page\" data-id=\"645\">Abre &#8220;Un Verano Sin Ti&#8221; acercando tu m\u00f3vil.<\/a><\/strong><\/li>\n\n<li><strong><a href=\"https:\/\/memoset.fr\/index.php\/anade-tu-enlace\/\" data-type=\"page\" data-id=\"726\">A\u00f1ade tu propio enlace.<\/a><\/strong><\/li><\/ul>\n\n<p class=\"has-text-align-center\">Accede al contenido acercando tu m\u00f3vil entre el ojo y la boca.<\/p>\n\n<div class=\"wp-block-buttons is-content-justification-center is-layout-flex wp-container-core-buttons-is-layout-a89b3969 wp-block-buttons-is-layout-flex\"><div class=\"wp-block-button is-style-outline is-style-outline--1\"><a class=\"wp-block-button__link has-text-align-center wp-element-button\" href=\"https:\/\/memoset.fr\/index.php\/produit\/memoplush-peluche-bad-bunny-interactiva-nfc\/\" style=\"border-width:3px;border-radius:11px;padding-top:0.44rem;padding-right:var(--wp--preset--spacing--20);padding-bottom:0.44rem;padding-left:var(--wp--preset--spacing--20)\">Comprar<\/a><\/div><\/div>\n\n<p class=\"has-text-align-center\" style=\"font-size:0.9rem\">El MemoPlush viene con el alb\u00fam &#8220;Un Verano Sin Ti&#8221; integrado.<\/p><\/div><\/div><div style=\"height:20px\" aria-hidden=\"true\" class=\"wp-block-spacer\"><\/div><hr class=\"wp-block-separator has-alpha-channel-opacity\"\/><div style=\"height:20px\" aria-hidden=\"true\" class=\"wp-block-spacer\"><\/div><h2 class=\"wp-block-heading has-text-align-center has-x-large-font-size\">\u00bfQu\u00e9 es un MemoPlush?<\/h2><div style=\"height:9px\" aria-hidden=\"true\" class=\"wp-block-spacer\"><\/div><h2 class=\"wp-block-heading has-large-font-size\">Opci\u00f3n Alb\u00fam foto<\/h2><div class=\"wp-block-columns are-vertically-aligned-top is-layout-flex wp-container-core-columns-is-layout-28f84493 wp-block-columns-is-layout-flex\"><div class=\"wp-block-column is-vertically-aligned-top is-layout-flow wp-block-column-is-layout-flow\"><figure class=\"wp-block-embed is-type-video is-provider-youtube wp-block-embed-youtube wp-embed-aspect-16-9 wp-has-aspect-ratio\"><div class=\"wp-block-embed__wrapper\">\n<iframe loading=\"lazy\" title=\"\u00bfQu\u00e9 es un MemoPlush? Opci\u00f3n Alb\u00fam Foto\" width=\"500\" height=\"281\" src=\"https:\/\/www.youtube.com\/embed\/18JNLH5A9OE?feature=oembed\" frameborder=\"0\" allow=\"accelerometer; autoplay; clipboard-write; encrypted-media; gyroscope; picture-in-picture; web-share\" referrerpolicy=\"strict-origin-when-cross-origin\" allowfullscreen><\/iframe>\n<\/div><\/figure>\n\n<div style=\"height:50px\" aria-hidden=\"true\" class=\"wp-block-spacer\"><\/div>\n\n<h2 class=\"wp-block-heading has-large-font-size\">Opci\u00f3n Alb\u00fam Bad Bunny<\/h2>\n\n<figure class=\"wp-block-embed is-type-video is-provider-youtube wp-block-embed-youtube wp-embed-aspect-16-9 wp-has-aspect-ratio\"><div class=\"wp-block-embed__wrapper\">\n<iframe loading=\"lazy\" title=\"\u00bfQu\u00e9 es un MemoPlush? Opci\u00f3n Alb\u00fam Bad Bunny\" width=\"500\" height=\"281\" src=\"https:\/\/www.youtube.com\/embed\/vheE3PdFO5w?feature=oembed\" frameborder=\"0\" allow=\"accelerometer; autoplay; clipboard-write; encrypted-media; gyroscope; picture-in-picture; web-share\" referrerpolicy=\"strict-origin-when-cross-origin\" allowfullscreen><\/iframe>\n<\/div><\/figure><\/div><\/div><div style=\"height:50px\" aria-hidden=\"true\" class=\"wp-block-spacer\"><\/div><h2 class=\"wp-block-heading has-text-align-center has-x-large-font-size\">\u00bfC\u00f3mo funciona?<\/h2><p class=\"has-text-align-center\"><mark style=\"background-color:#ffffff\" class=\"has-inline-color\">Los <strong>MemoPlush<\/strong> integran un tag NFC que guarda un enlace con tu alb\u00fam y acercando el m\u00f3vil al ojo puedes acceder a <\/mark>\u00e9l.<\/p><p class=\"has-text-align-center\"> Funciona con todo m\u00f3vil compatible NFC.<\/p><p class=\"has-text-align-center\"><strong><mark style=\"background-color:rgba(0, 0, 0, 0);color:#5d5d5d\" class=\"has-inline-color\"><a href=\"https:\/\/memoset.fr\/index.php\/anade-album-memoplush\/\" data-type=\"page\" data-id=\"578\">A\u00f1adir mi alb\u00fam foto.<\/a><\/mark><\/strong><\/p><p class=\"has-text-align-center\"><a href=\"https:\/\/memoset.fr\/index.php\/album-bad-bunny\/\" data-type=\"page\" data-id=\"645\"><strong>A\u00f1adir &#8220;Un verano sin t<\/strong><mark style=\"background-color:rgba(0, 0, 0, 0)\" class=\"has-inline-color has-foreground-color\"><strong>i&#8221;<\/strong><\/mark>.<\/a><\/p><p class=\"has-text-align-center\"><strong><a href=\"https:\/\/memoset.fr\/index.php\/anade-tu-enlace\/\" data-type=\"page\" data-id=\"726\">A\u00f1ade tu propio enlace.<\/a><\/strong><\/p><p><\/p><p><\/p><p class=\"has-text-align-right\" style=\"font-size:0.8rem\"> En caso de tener Iphone funciona mejor desde la pantalla de bloqueo.<\/p><hr class=\"wp-block-separator has-alpha-channel-opacity\"\/>","protected":false},"excerpt":{"rendered":"<p>\u00bfQu\u00e9 es un MemoPlush? Opci\u00f3n Alb\u00fam foto Opci\u00f3n Alb\u00fam Bad Bunny \u00bfC\u00f3mo funciona? Los MemoPlush integran un tag NFC que guarda un enlace con tu alb\u00fam y acercando el m\u00f3vil al ojo puedes acceder a \u00e9l. Funciona con todo m\u00f3vil compatible NFC. A\u00f1adir mi alb\u00fam foto. A\u00f1adir &#8220;Un verano sin ti&#8221;. A\u00f1ade tu propio enlace. [&hellip;]<\/p>\n","protected":false},"author":2,"featured_media":0,"parent":0,"menu_order":0,"comment_status":"closed","ping_status":"closed","template":"","meta":{"footnotes":""},"class_list":["post-517","page","type-page","status-publish","hentry"],"jetpack_sharing_enabled":true,"_links":{"self":[{"href":"https:\/\/memoset.fr\/index.php\/wp-json\/wp\/v2\/pages\/517","targetHints":{"allow":["GET"]}}],"collection":[{"href":"https:\/\/memoset.fr\/index.php\/wp-json\/wp\/v2\/pages"}],"about":[{"href":"https:\/\/memoset.fr\/index.php\/wp-json\/wp\/v2\/types\/page"}],"author":[{"embeddable":true,"href":"https:\/\/memoset.fr\/index.php\/wp-json\/wp\/v2\/users\/2"}],"replies":[{"embeddable":true,"href":"https:\/\/memoset.fr\/index.php\/wp-json\/wp\/v2\/comments?post=517"}],"version-history":[{"count":73,"href":"https:\/\/memoset.fr\/index.php\/wp-json\/wp\/v2\/pages\/517\/revisions"}],"predecessor-version":[{"id":808,"href":"https:\/\/memoset.fr\/index.php\/wp-json\/wp\/v2\/pages\/517\/revisions\/808"}],"wp:attachment":[{"href":"https:\/\/memoset.fr\/index.php\/wp-json\/wp\/v2\/media?parent=517"}],"curies":[{"name":"wp","href":"https:\/\/api.w.org\/{rel}","templated":true}]}}