{"id":578,"date":"2023-08-13T13:40:08","date_gmt":"2023-08-13T11:40:08","guid":{"rendered":"https:\/\/memoset.fr\/?page_id=578"},"modified":"2023-09-27T14:42:09","modified_gmt":"2023-09-27T12:42:09","slug":"anade-album-memoplush","status":"publish","type":"page","link":"https:\/\/memoset.fr\/index.php\/anade-album-memoplush\/","title":{"rendered":"Alb\u00fam Foto"},"content":{"rendered":"<div class=\"wp-block-group alignfull is-layout-constrained wp-container-core-group-is-layout-73370746 wp-block-group-is-layout-constrained\" style=\"margin-top:0px;margin-bottom:0px;padding-top:0vw;padding-right:0;padding-bottom:0vw;padding-left:0\"><div class=\"wp-block-columns alignwide is-layout-flex wp-container-core-columns-is-layout-28f84493 wp-block-columns-is-layout-flex\"><div class=\"wp-block-column is-layout-flow wp-block-column-is-layout-flow\" style=\"flex-basis:20%\"><figure class=\"wp-block-image aligncenter size-large is-resized has-custom-border\"><img loading=\"lazy\" decoding=\"async\" src=\"https:\/\/nathanrz.files.wordpress.com\/2023\/06\/image.png?w=512\" alt=\"\" class=\"wp-image-76\" style=\"border-style:none;border-width:0px;border-radius:0px;width:113px;height:113px\" width=\"113\" height=\"113\" srcset=\"https:\/\/memoset.fr\/wp-content\/uploads\/2023\/06\/image.png 512w, https:\/\/memoset.fr\/wp-content\/uploads\/2023\/06\/image-300x300.png 300w, https:\/\/memoset.fr\/wp-content\/uploads\/2023\/06\/image-150x150.png 150w\" sizes=\"auto, (max-width: 113px) 100vw, 113px\" \/><\/figure><\/div>\n\n<div class=\"wp-block-column is-layout-flow wp-block-column-is-layout-flow\" style=\"padding-top:var(--wp--preset--spacing--60);padding-right:0.67rem;padding-bottom:var(--wp--preset--spacing--60);padding-left:0.67rem;flex-basis:80%\"><h1 class=\"wp-block-heading has-x-large-font-size\">\u00bfC\u00f3mo a\u00f1adir tu \u00e1lbum a tu MemoPlush?<\/h1><\/div><\/div><\/div><div class=\"wp-block-group alignfull is-layout-constrained wp-block-group-is-layout-constrained\" style=\"margin-top:0px;margin-bottom:0px;padding-top:4vw;padding-bottom:4vw\"><div class=\"wp-block-columns alignwide is-layout-flex wp-container-core-columns-is-layout-28f84493 wp-block-columns-is-layout-flex\"><div class=\"wp-block-column is-layout-flow wp-block-column-is-layout-flow\" style=\"padding-right:var(--wp--preset--spacing--30);padding-left:var(--wp--preset--spacing--30);flex-basis:20%\"><h2 class=\"wp-block-heading has-large-font-size\">1.Obtener enlace<\/h2>\n\n<p class=\"has-text-align-left has-small-font-size\">*Si ya tienes un enlace hac\u00eda tu alb\u00fam puedes pasar al paso 2.<\/p>\n\n<p class=\"has-medium-font-size\"><\/p>\n\n<p><\/p>\n\n<p><\/p><\/div>\n\n<div class=\"wp-block-column is-layout-flow wp-block-column-is-layout-flow\" style=\"flex-basis:80%\"><div class=\"wp-block-columns is-layout-flex wp-container-core-columns-is-layout-1a2ddb66 wp-block-columns-is-layout-flex\" style=\"padding-right:var(--wp--preset--spacing--30);padding-left:var(--wp--preset--spacing--30)\"><div class=\"wp-block-column is-layout-flow wp-block-column-is-layout-flow\"><h3 class=\"wp-block-heading has-large-font-size\"><strong>Utiliza<\/strong> <strong>Google Fotos o tu propio enlace<\/strong><\/h3>\n\n<p>Si decides utilizar Google Fotos sigue los siguientes pasos:<\/p>\n\n<p>1. Abrir Google Fotos y entrar en Compartido<\/p>\n\n<p>2. Pulsar Crear album compartido<\/p>\n\n<p>3. Pulsar Compartir<\/p>\n\n<p>4. Obtener enlace<\/p>\n\n<p class=\"has-small-font-size\"> <\/p>\n\n<h3 class=\"wp-block-heading has-medium-font-size\"><\/h3><\/div><\/div><\/div><\/div><\/div><div class=\"wp-block-group alignfull has-white-color has-black-background-color has-text-color has-background has-link-color wp-elements-49174c40e1cc3fababef38eced3d5b8f is-layout-constrained wp-block-group-is-layout-constrained\" style=\"margin-top:0px;margin-bottom:0px;padding-top:6.9vw;padding-bottom:7vw\"><div class=\"wp-block-columns alignwide is-layout-flex wp-container-core-columns-is-layout-28f84493 wp-block-columns-is-layout-flex\"><div class=\"wp-block-column is-layout-flow wp-block-column-is-layout-flow\" style=\"flex-basis:30%\"><h2 class=\"wp-block-heading has-large-font-size\">2. Descarga NFC Tools.<\/h2><\/div>\n\n<div class=\"wp-block-column is-layout-flow wp-block-column-is-layout-flow\" style=\"flex-basis:80%\"><div class=\"wp-block-columns is-layout-flex wp-container-core-columns-is-layout-28f84493 wp-block-columns-is-layout-flex\"><div class=\"wp-block-column is-layout-flow wp-block-column-is-layout-flow\"><figure class=\"wp-block-image size-large has-custom-border\"><img loading=\"lazy\" decoding=\"async\" width=\"225\" height=\"225\" src=\"https:\/\/nathanrz.files.wordpress.com\/2023\/06\/image-nfc-tools.png?w=225\" alt=\"\" class=\"wp-image-89\" style=\"border-style:none;border-width:0px;border-radius:30px\" srcset=\"https:\/\/memoset.fr\/wp-content\/uploads\/2023\/06\/image-nfc-tools.png 225w, https:\/\/memoset.fr\/wp-content\/uploads\/2023\/06\/image-nfc-tools-150x150.png 150w\" sizes=\"auto, (max-width: 225px) 100vw, 225px\" \/><\/figure>\n\n<h4 class=\"wp-block-heading has-x-large-font-size\">Descarga NFC Tools :<\/h4>\n\n<div class=\"wp-block-columns is-layout-flex wp-container-core-columns-is-layout-28f84493 wp-block-columns-is-layout-flex\"><div class=\"wp-block-column is-layout-flow wp-block-column-is-layout-flow\"><figure class=\"wp-block-image size-large has-custom-border\"><a href=\"https:\/\/apps.apple.com\/es\/app\/nfc-tools\/id1252962749\" target=\"_blank\" rel=\"noreferrer noopener\"><img loading=\"lazy\" decoding=\"async\" width=\"3786\" height=\"1214\" src=\"https:\/\/nathanrz.files.wordpress.com\/2023\/06\/app-store.png?w=1024\" alt=\"\" class=\"wp-image-164\" style=\"border-style:none;border-width:0px;border-radius:0px\" srcset=\"https:\/\/memoset.fr\/wp-content\/uploads\/2023\/06\/app-store.png 3786w, https:\/\/memoset.fr\/wp-content\/uploads\/2023\/06\/app-store-300x96.png 300w, https:\/\/memoset.fr\/wp-content\/uploads\/2023\/06\/app-store-1024x328.png 1024w, https:\/\/memoset.fr\/wp-content\/uploads\/2023\/06\/app-store-768x246.png 768w, https:\/\/memoset.fr\/wp-content\/uploads\/2023\/06\/app-store-1536x493.png 1536w, https:\/\/memoset.fr\/wp-content\/uploads\/2023\/06\/app-store-2048x657.png 2048w\" sizes=\"auto, (max-width: 3786px) 100vw, 3786px\" \/><\/a><\/figure><\/div>\n\n<div class=\"wp-block-column is-layout-flow wp-block-column-is-layout-flow\"><figure class=\"wp-block-image size-large\"><a href=\"https:\/\/play.google.com\/store\/apps\/details?id=com.wakdev.wdnfc&amp;hl=es&amp;gl=US\" target=\"_blank\" rel=\"noreferrer noopener\"><img loading=\"lazy\" decoding=\"async\" width=\"3785\" height=\"1214\" src=\"https:\/\/nathanrz.files.wordpress.com\/2023\/06\/google-play-3.png?w=1024\" alt=\"\" class=\"wp-image-165\" srcset=\"https:\/\/memoset.fr\/wp-content\/uploads\/2023\/06\/google-play-3.png 3785w, https:\/\/memoset.fr\/wp-content\/uploads\/2023\/06\/google-play-3-300x96.png 300w, https:\/\/memoset.fr\/wp-content\/uploads\/2023\/06\/google-play-3-1024x328.png 1024w, https:\/\/memoset.fr\/wp-content\/uploads\/2023\/06\/google-play-3-768x246.png 768w, https:\/\/memoset.fr\/wp-content\/uploads\/2023\/06\/google-play-3-1536x493.png 1536w, https:\/\/memoset.fr\/wp-content\/uploads\/2023\/06\/google-play-3-2048x657.png 2048w\" sizes=\"auto, (max-width: 3785px) 100vw, 3785px\" \/><\/a><\/figure><\/div><\/div>\n\n<p><\/p>\n\n<p style=\"font-size:1.3rem\"><strong>Para importar tu \u00e1lbum con el enlace, sigue los siguientes pasos :<\/strong><\/p><\/div><\/div><\/div><\/div><\/div><div class=\"wp-block-group alignfull is-layout-constrained wp-block-group-is-layout-constrained\" style=\"margin-top:0px;margin-bottom:0px;padding-top:7vw;padding-bottom:7vw\"><p>*si el NFC ya lleva un enlace, para borrarlo ir a <strong>OTRO<\/strong> y pulsar <strong>BORRAR<\/strong>.<\/p>\n\n<div class=\"wp-block-columns is-layout-flex wp-container-core-columns-is-layout-28f84493 wp-block-columns-is-layout-flex\"><div class=\"wp-block-column is-layout-flow wp-block-column-is-layout-flow\"><hr class=\"wp-block-separator has-alpha-channel-opacity\"\/>\n\n<figure class=\"wp-block-image aligncenter size-large is-resized\"><img loading=\"lazy\" decoding=\"async\" src=\"https:\/\/nathanrz.files.wordpress.com\/2023\/06\/image00055-1.jpeg?w=529\" alt=\"\" class=\"wp-image-92\" style=\"width:133px;height:257px\" width=\"133\" height=\"257\" srcset=\"https:\/\/memoset.fr\/wp-content\/uploads\/2023\/06\/image00055-1.jpeg 1125w, https:\/\/memoset.fr\/wp-content\/uploads\/2023\/06\/image00055-1-155x300.jpeg 155w, https:\/\/memoset.fr\/wp-content\/uploads\/2023\/06\/image00055-1-529x1024.jpeg 529w, https:\/\/memoset.fr\/wp-content\/uploads\/2023\/06\/image00055-1-768x1487.jpeg 768w, https:\/\/memoset.fr\/wp-content\/uploads\/2023\/06\/image00055-1-793x1536.jpeg 793w, https:\/\/memoset.fr\/wp-content\/uploads\/2023\/06\/image00055-1-1058x2048.jpeg 1058w\" sizes=\"auto, (max-width: 133px) 100vw, 133px\" \/><\/figure>\n\n<p class=\"has-text-align-center\">1.Pulsar Escribir.<\/p><\/div>\n\n<div class=\"wp-block-column is-layout-flow wp-block-column-is-layout-flow\"><hr class=\"wp-block-separator has-alpha-channel-opacity\"\/>\n\n<figure class=\"wp-block-image aligncenter size-large is-resized\"><img loading=\"lazy\" decoding=\"async\" src=\"https:\/\/nathanrz.files.wordpress.com\/2023\/06\/image00056-1.jpeg?w=524\" alt=\"\" class=\"wp-image-95\" style=\"width:131px;height:255px\" width=\"131\" height=\"255\" srcset=\"https:\/\/memoset.fr\/wp-content\/uploads\/2023\/06\/image00056-1.jpeg 1121w, https:\/\/memoset.fr\/wp-content\/uploads\/2023\/06\/image00056-1-154x300.jpeg 154w, https:\/\/memoset.fr\/wp-content\/uploads\/2023\/06\/image00056-1-524x1024.jpeg 524w, https:\/\/memoset.fr\/wp-content\/uploads\/2023\/06\/image00056-1-768x1500.jpeg 768w, https:\/\/memoset.fr\/wp-content\/uploads\/2023\/06\/image00056-1-786x1536.jpeg 786w, https:\/\/memoset.fr\/wp-content\/uploads\/2023\/06\/image00056-1-1048x2048.jpeg 1048w\" sizes=\"auto, (max-width: 131px) 100vw, 131px\" \/><\/figure>\n\n<p class=\"has-text-align-center\">2.Pulsar A\u00f1adir un registro.<\/p><\/div>\n\n<div class=\"wp-block-column is-layout-flow wp-block-column-is-layout-flow\"><hr class=\"wp-block-separator has-alpha-channel-opacity\"\/>\n\n<figure class=\"wp-block-image aligncenter size-large is-resized\"><img loading=\"lazy\" decoding=\"async\" src=\"https:\/\/nathanrz.files.wordpress.com\/2023\/06\/image00057.jpeg?w=522\" alt=\"\" class=\"wp-image-96\" style=\"width:131px;height:256px\" width=\"131\" height=\"256\" srcset=\"https:\/\/memoset.fr\/wp-content\/uploads\/2023\/06\/image00057.jpeg 1125w, https:\/\/memoset.fr\/wp-content\/uploads\/2023\/06\/image00057-153x300.jpeg 153w, https:\/\/memoset.fr\/wp-content\/uploads\/2023\/06\/image00057-522x1024.jpeg 522w, https:\/\/memoset.fr\/wp-content\/uploads\/2023\/06\/image00057-768x1505.jpeg 768w, https:\/\/memoset.fr\/wp-content\/uploads\/2023\/06\/image00057-784x1536.jpeg 784w, https:\/\/memoset.fr\/wp-content\/uploads\/2023\/06\/image00057-1045x2048.jpeg 1045w\" sizes=\"auto, (max-width: 131px) 100vw, 131px\" \/><\/figure>\n\n<p class=\"has-text-align-center\">3.Pulsar URL personalizada y pegar el enlace de tu alb\u00fam.<\/p><\/div>\n\n<div class=\"wp-block-column is-layout-flow wp-block-column-is-layout-flow\"><hr class=\"wp-block-separator has-alpha-channel-opacity\"\/>\n\n<figure class=\"wp-block-image aligncenter size-large is-resized\"><img loading=\"lazy\" decoding=\"async\" src=\"https:\/\/nathanrz.files.wordpress.com\/2023\/06\/image00058-1.jpeg?w=518\" alt=\"\" class=\"wp-image-103\" style=\"width:130px;height:257px\" width=\"130\" height=\"257\" srcset=\"https:\/\/memoset.fr\/wp-content\/uploads\/2023\/06\/image00058-1.jpeg 1125w, https:\/\/memoset.fr\/wp-content\/uploads\/2023\/06\/image00058-1-152x300.jpeg 152w, https:\/\/memoset.fr\/wp-content\/uploads\/2023\/06\/image00058-1-518x1024.jpeg 518w, https:\/\/memoset.fr\/wp-content\/uploads\/2023\/06\/image00058-1-768x1517.jpeg 768w, https:\/\/memoset.fr\/wp-content\/uploads\/2023\/06\/image00058-1-778x1536.jpeg 778w, https:\/\/memoset.fr\/wp-content\/uploads\/2023\/06\/image00058-1-1037x2048.jpeg 1037w\" sizes=\"auto, (max-width: 130px) 100vw, 130px\" \/><\/figure>\n\n<p class=\"has-text-align-center\">4.Pulsar Escribir y acercar el m\u00f3vil al ojo del MemoPlush.<\/p><\/div><\/div><\/div><div class=\"wp-block-group alignfull has-white-color has-black-background-color has-text-color has-background is-layout-constrained wp-block-group-is-layout-constrained\" style=\"margin-top:0px;margin-bottom:0px;padding-top:7vw;padding-bottom:7vw\"><div class=\"wp-block-columns alignwide is-layout-flex wp-container-core-columns-is-layout-28f84493 wp-block-columns-is-layout-flex\"><div class=\"wp-block-column is-layout-flow wp-block-column-is-layout-flow\" style=\"flex-basis:100%\"><h2 class=\"wp-block-heading has-text-align-center has-x-large-font-size\">\u00a1YA PUEDES ACCEDER A TU ALB\u00daM ACERCANDO TU M\u00d3VIL!<\/h2><\/div><\/div><\/div>","protected":false},"excerpt":{"rendered":"<p>\u00bfC\u00f3mo a\u00f1adir tu \u00e1lbum a tu MemoPlush? 1.Obtener enlace *Si ya tienes un enlace hac\u00eda tu alb\u00fam puedes pasar al paso 2. Utiliza Google Fotos o tu propio enlace Si decides utilizar Google Fotos sigue los siguientes pasos: 1. Abrir Google Fotos y entrar en Compartido 2. Pulsar Crear album compartido 3. Pulsar Compartir 4. [&hellip;]<\/p>\n","protected":false},"author":2,"featured_media":0,"parent":0,"menu_order":0,"comment_status":"closed","ping_status":"closed","template":"","meta":{"footnotes":""},"class_list":["post-578","page","type-page","status-publish","hentry"],"jetpack_sharing_enabled":true,"_links":{"self":[{"href":"https:\/\/memoset.fr\/index.php\/wp-json\/wp\/v2\/pages\/578","targetHints":{"allow":["GET"]}}],"collection":[{"href":"https:\/\/memoset.fr\/index.php\/wp-json\/wp\/v2\/pages"}],"about":[{"href":"https:\/\/memoset.fr\/index.php\/wp-json\/wp\/v2\/types\/page"}],"author":[{"embeddable":true,"href":"https:\/\/memoset.fr\/index.php\/wp-json\/wp\/v2\/users\/2"}],"replies":[{"embeddable":true,"href":"https:\/\/memoset.fr\/index.php\/wp-json\/wp\/v2\/comments?post=578"}],"version-history":[{"count":9,"href":"https:\/\/memoset.fr\/index.php\/wp-json\/wp\/v2\/pages\/578\/revisions"}],"predecessor-version":[{"id":729,"href":"https:\/\/memoset.fr\/index.php\/wp-json\/wp\/v2\/pages\/578\/revisions\/729"}],"wp:attachment":[{"href":"https:\/\/memoset.fr\/index.php\/wp-json\/wp\/v2\/media?parent=578"}],"curies":[{"name":"wp","href":"https:\/\/api.w.org\/{rel}","templated":true}]}}