{"id":745,"date":"2023-11-27T15:27:13","date_gmt":"2023-11-27T14:27:13","guid":{"rendered":"https:\/\/memoset.fr\/?post_type=product&#038;p=745"},"modified":"2026-04-04T17:39:32","modified_gmt":"2026-04-04T15:39:32","slug":"memoplush-nfc","status":"publish","type":"product","link":"https:\/\/memoset.fr\/index.php\/produit\/memoplush-nfc\/","title":{"rendered":"MemoPlush NFC"},"content":{"rendered":"<p>Personalizable &#8211; Tienes dos opciones para personalizar tu peluche<\/p>\n<p>1. A\u00f1adele tus fotos y videos y accede a ellas acercando el m\u00f3vil al peluche.<\/p>\n<p>2. Abre \u00ab Un Verano Sin Ti \u00bb acercando tu m\u00f3vil. (o otro alb\u00fam o canci\u00f3n que desees a\u00f1adiendo un enlace al NFC)<\/p>\n<p>El MemoPlush viene con el alb\u00fam \u00ab Un Verano Sin Ti \u00bb integrado. \u00bfC\u00f3mo funciona? Los MemoPlush integran un tag NFC que guarda un enlace con tu alb\u00fam y acercando el m\u00f3vil al ojo puedes acceder a \u00e9l.<\/p>\n<p>El Regalo Perfecto \u2013 Perfecto para regalo de d\u00eda de San Valent\u00edn, Cumplea\u00f1os y Navidad.<\/p>\n<p>Usos &#8211; Adem\u00e1s de abrir tu alb\u00fam foto o el alb\u00fam &#8220;Un verano Sin ti&#8221; El MemoPlush tambi\u00e9n se puede usar como coj\u00edn, peluche y decoraci\u00f3n.<\/p>\n<p>Tama\u00f1o &#8211; Las dimensiones del producto son de 22x48cm.<\/p>\n<p>El peluche no es apto para ni\u00f1os de 14 a\u00f1os o menos.<\/p>\n<p>&nbsp;<\/p>\n","protected":false},"excerpt":{"rendered":"<p>El MemoPlush integra un tag NFC acercando el m\u00f3vil puedes acceder al contenido del peluche.<\/p>\n","protected":false},"featured_media":746,"comment_status":"open","ping_status":"closed","template":"","meta":[],"product_brand":[],"product_cat":[55],"product_tag":[],"class_list":{"0":"post-745","1":"product","2":"type-product","3":"status-publish","4":"has-post-thumbnail","6":"product_cat-memoplush","8":"first","9":"outofstock","10":"sale","11":"shipping-taxable","12":"purchasable","13":"product-type-simple"},"jetpack_sharing_enabled":true,"_links":{"self":[{"href":"https:\/\/memoset.fr\/index.php\/wp-json\/wp\/v2\/product\/745","targetHints":{"allow":["GET"]}}],"collection":[{"href":"https:\/\/memoset.fr\/index.php\/wp-json\/wp\/v2\/product"}],"about":[{"href":"https:\/\/memoset.fr\/index.php\/wp-json\/wp\/v2\/types\/product"}],"replies":[{"embeddable":true,"href":"https:\/\/memoset.fr\/index.php\/wp-json\/wp\/v2\/comments?post=745"}],"wp:featuredmedia":[{"embeddable":true,"href":"https:\/\/memoset.fr\/index.php\/wp-json\/wp\/v2\/media\/746"}],"wp:attachment":[{"href":"https:\/\/memoset.fr\/index.php\/wp-json\/wp\/v2\/media?parent=745"}],"wp:term":[{"taxonomy":"product_brand","embeddable":true,"href":"https:\/\/memoset.fr\/index.php\/wp-json\/wp\/v2\/product_brand?post=745"},{"taxonomy":"product_cat","embeddable":true,"href":"https:\/\/memoset.fr\/index.php\/wp-json\/wp\/v2\/product_cat?post=745"},{"taxonomy":"product_tag","embeddable":true,"href":"https:\/\/memoset.fr\/index.php\/wp-json\/wp\/v2\/product_tag?post=745"}],"curies":[{"name":"wp","href":"https:\/\/api.w.org\/{rel}","templated":true}]}}