{"id":798,"date":"2023-12-02T17:46:20","date_gmt":"2023-12-02T16:46:20","guid":{"rendered":"https:\/\/memoset.fr\/?post_type=product&#038;p=798"},"modified":"2026-04-05T05:02:02","modified_gmt":"2026-04-05T03:02:02","slug":"memomap-nfc","status":"publish","type":"product","link":"https:\/\/memoset.fr\/index.php\/produit\/memomap-nfc\/","title":{"rendered":"MemoMap NFC"},"content":{"rendered":"<p>El paquete incluye el MemoMap + 10 MemoPins<\/p>\n<p class=\"has-text-align-center\">Accede a tu alb\u00fam de fotos de tus viajes acercando tu m\u00f3vil a los MemoPins.<\/p>\n<p class=\"has-text-align-center\">Todos los MemoPins incorporan un tag NFC, una tecnolog\u00eda disponible en la mayor\u00eda de m\u00f3viles.<\/p>\n","protected":false},"excerpt":{"rendered":"<p>El paquete incluye el MemoMap + 10 MemoPins Accede a tu alb\u00fam de fotos de tus viajes acercando tu m\u00f3vil a los MemoPins. Todos los MemoPins incorporan un tag NFC, una tecnolog\u00eda disponible en la mayor\u00eda de m\u00f3viles.<\/p>\n","protected":false},"featured_media":804,"comment_status":"open","ping_status":"closed","template":"","meta":[],"product_brand":[],"product_cat":[57],"product_tag":[],"class_list":{"0":"post-798","1":"product","2":"type-product","3":"status-publish","4":"has-post-thumbnail","6":"product_cat-memomap","8":"first","9":"outofstock","10":"shipping-taxable","11":"purchasable","12":"product-type-variable"},"jetpack_sharing_enabled":true,"_links":{"self":[{"href":"https:\/\/memoset.fr\/index.php\/wp-json\/wp\/v2\/product\/798","targetHints":{"allow":["GET"]}}],"collection":[{"href":"https:\/\/memoset.fr\/index.php\/wp-json\/wp\/v2\/product"}],"about":[{"href":"https:\/\/memoset.fr\/index.php\/wp-json\/wp\/v2\/types\/product"}],"replies":[{"embeddable":true,"href":"https:\/\/memoset.fr\/index.php\/wp-json\/wp\/v2\/comments?post=798"}],"wp:featuredmedia":[{"embeddable":true,"href":"https:\/\/memoset.fr\/index.php\/wp-json\/wp\/v2\/media\/804"}],"wp:attachment":[{"href":"https:\/\/memoset.fr\/index.php\/wp-json\/wp\/v2\/media?parent=798"}],"wp:term":[{"taxonomy":"product_brand","embeddable":true,"href":"https:\/\/memoset.fr\/index.php\/wp-json\/wp\/v2\/product_brand?post=798"},{"taxonomy":"product_cat","embeddable":true,"href":"https:\/\/memoset.fr\/index.php\/wp-json\/wp\/v2\/product_cat?post=798"},{"taxonomy":"product_tag","embeddable":true,"href":"https:\/\/memoset.fr\/index.php\/wp-json\/wp\/v2\/product_tag?post=798"}],"curies":[{"name":"wp","href":"https:\/\/api.w.org\/{rel}","templated":true}]}}